{"id":394,"date":"2021-11-19T03:15:20","date_gmt":"2021-11-19T03:15:20","guid":{"rendered":"https:\/\/gilbertpoissant.com\/?page_id=394"},"modified":"2021-11-19T03:17:34","modified_gmt":"2021-11-19T03:17:34","slug":"jardins-de-tesson","status":"publish","type":"page","link":"https:\/\/gilbertpoissant.com\/fr_ca\/accueil\/jardins-de-tesson\/","title":{"rendered":"Jardins de tesson"},"content":{"rendered":"\n\n\n\n<p>Les\u00a0<em>Jardins de tessons<\/em>\u00a0sont des installations compos\u00e9es de tessons de c\u00e9ramique que Gilbert Poissant a amass\u00e9s et classifi\u00e9s durant plus de vingt ans (1988-2009). Cette \u0153uvre \u00e9volutive change de forme, de dimensions, de propos, de couleurs et de textures selon la p\u00e9riode et le lieu de pr\u00e9sentation.<\/p>\n","protected":false},"excerpt":{"rendered":"<p>Les\u00a0Jardins de tessons\u00a0sont des installations compos\u00e9es de tessons de c\u00e9ramique que Gilbert Poissant a amass\u00e9s et classifi\u00e9s durant plus de vingt ans (1988-2009). Cette \u0153uvre \u00e9volutive change de forme, de dimensions, de propos, de couleurs et de textures selon la p\u00e9riode et le lieu de pr\u00e9sentation.<\/p>\n","protected":false},"author":1,"featured_media":392,"parent":6,"menu_order":24,"comment_status":"closed","ping_status":"closed","template":"projets.php","meta":{"footnotes":""},"class_list":["post-394","page","type-page","status-publish","has-post-thumbnail","hentry"],"_links":{"self":[{"href":"https:\/\/gilbertpoissant.com\/fr_ca\/wp-json\/wp\/v2\/pages\/394","targetHints":{"allow":["GET"]}}],"collection":[{"href":"https:\/\/gilbertpoissant.com\/fr_ca\/wp-json\/wp\/v2\/pages"}],"about":[{"href":"https:\/\/gilbertpoissant.com\/fr_ca\/wp-json\/wp\/v2\/types\/page"}],"author":[{"embeddable":true,"href":"https:\/\/gilbertpoissant.com\/fr_ca\/wp-json\/wp\/v2\/users\/1"}],"replies":[{"embeddable":true,"href":"https:\/\/gilbertpoissant.com\/fr_ca\/wp-json\/wp\/v2\/comments?post=394"}],"version-history":[{"count":1,"href":"https:\/\/gilbertpoissant.com\/fr_ca\/wp-json\/wp\/v2\/pages\/394\/revisions"}],"predecessor-version":[{"id":395,"href":"https:\/\/gilbertpoissant.com\/fr_ca\/wp-json\/wp\/v2\/pages\/394\/revisions\/395"}],"up":[{"embeddable":true,"href":"https:\/\/gilbertpoissant.com\/fr_ca\/wp-json\/wp\/v2\/pages\/6"}],"wp:featuredmedia":[{"embeddable":true,"href":"https:\/\/gilbertpoissant.com\/fr_ca\/wp-json\/wp\/v2\/media\/392"}],"wp:attachment":[{"href":"https:\/\/gilbertpoissant.com\/fr_ca\/wp-json\/wp\/v2\/media?parent=394"}],"curies":[{"name":"wp","href":"https:\/\/api.w.org\/{rel}","templated":true}]}}