{"id":350,"date":"2021-11-19T02:56:36","date_gmt":"2021-11-19T02:56:36","guid":{"rendered":"https:\/\/gilbertpoissant.com\/?page_id=350"},"modified":"2021-11-19T14:35:20","modified_gmt":"2021-11-19T14:35:20","slug":"architectures-intimes","status":"publish","type":"page","link":"https:\/\/gilbertpoissant.com\/fr_ca\/accueil\/architectures-intimes\/","title":{"rendered":"Architectures intimes"},"content":{"rendered":"\n\n\n\n<p>Murale en diptyque de la Facult\u00e9 de m\u00e9decine v\u00e9t\u00e9rinaire de l\u2019Universit\u00e9 de Montr\u00e9al \/ 2006 \/ Saint-Hyacinthe, Qu\u00e9bec<\/p>\n\n\n\n<p>Cette murale\u00a0reproduit une section de l\u2019empreinte de ma main agrandie 20\u00a0000 fois et symbolise la main du v\u00e9t\u00e9rinaire sur l\u2019animal. Cette empreinte que j\u2019invite \u00e0 toucher, sugg\u00e8re \u00e9galement la peau de diff\u00e9rents animaux et mille autres images mais toujours, l\u2019envie de toucher pour sentir les textures altern\u00e9es.<\/p>\n\n\n\n<p>Ann\u00e9e de r\u00e9alisation : 2006<\/p>\n\n\n\n<p>Mat\u00e9riaux :\u00a0porcelaine industrielle et naturelle, acier inoxydable<\/p>\n\n\n\n<p>Dimensions :\u00a0275 x 345 cm<\/p>\n","protected":false},"excerpt":{"rendered":"<p>Murale en diptyque de la Facult\u00e9 de m\u00e9decine v\u00e9t\u00e9rinaire de l\u2019Universit\u00e9 de Montr\u00e9al \/ 2006 \/ Saint-Hyacinthe, Qu\u00e9bec Cette murale\u00a0reproduit une section de l\u2019empreinte de ma main agrandie 20\u00a0000 fois et symbolise la main du v\u00e9t\u00e9rinaire sur l\u2019animal. Cette empreinte que j\u2019invite \u00e0 toucher, sugg\u00e8re \u00e9galement la peau de diff\u00e9rents animaux et mille autres images [&hellip;]<\/p>\n","protected":false},"author":1,"featured_media":343,"parent":6,"menu_order":18,"comment_status":"closed","ping_status":"closed","template":"projets.php","meta":{"footnotes":""},"class_list":["post-350","page","type-page","status-publish","has-post-thumbnail","hentry"],"_links":{"self":[{"href":"https:\/\/gilbertpoissant.com\/fr_ca\/wp-json\/wp\/v2\/pages\/350","targetHints":{"allow":["GET"]}}],"collection":[{"href":"https:\/\/gilbertpoissant.com\/fr_ca\/wp-json\/wp\/v2\/pages"}],"about":[{"href":"https:\/\/gilbertpoissant.com\/fr_ca\/wp-json\/wp\/v2\/types\/page"}],"author":[{"embeddable":true,"href":"https:\/\/gilbertpoissant.com\/fr_ca\/wp-json\/wp\/v2\/users\/1"}],"replies":[{"embeddable":true,"href":"https:\/\/gilbertpoissant.com\/fr_ca\/wp-json\/wp\/v2\/comments?post=350"}],"version-history":[{"count":2,"href":"https:\/\/gilbertpoissant.com\/fr_ca\/wp-json\/wp\/v2\/pages\/350\/revisions"}],"predecessor-version":[{"id":405,"href":"https:\/\/gilbertpoissant.com\/fr_ca\/wp-json\/wp\/v2\/pages\/350\/revisions\/405"}],"up":[{"embeddable":true,"href":"https:\/\/gilbertpoissant.com\/fr_ca\/wp-json\/wp\/v2\/pages\/6"}],"wp:featuredmedia":[{"embeddable":true,"href":"https:\/\/gilbertpoissant.com\/fr_ca\/wp-json\/wp\/v2\/media\/343"}],"wp:attachment":[{"href":"https:\/\/gilbertpoissant.com\/fr_ca\/wp-json\/wp\/v2\/media?parent=350"}],"curies":[{"name":"wp","href":"https:\/\/api.w.org\/{rel}","templated":true}]}}