{"id":317,"date":"2021-11-18T22:45:15","date_gmt":"2021-11-18T22:45:15","guid":{"rendered":"https:\/\/gilbertpoissant.com\/?page_id=317"},"modified":"2021-11-19T03:16:34","modified_gmt":"2021-11-19T03:16:34","slug":"passe-temps","status":"publish","type":"page","link":"https:\/\/gilbertpoissant.com\/fr_ca\/accueil\/passe-temps\/","title":{"rendered":"Passe-Temps"},"content":{"rendered":"\n\n\n\n<p>Murale pour l\u2019\u00c9cole nationale d\u2019administration publique, Qu\u00e9bec, Qu\u00e9bec<\/p>\n\n\n\n<p>Ann\u00e9e de r\u00e9alisation : 1999<\/p>\n\n\n\n<p>Mat\u00e9riaux : marbre et granite<strong><br><\/strong><br>Dimensions : 6&nbsp;300 x 9&nbsp;500 cm<\/p>\n","protected":false},"excerpt":{"rendered":"<p>Murale pour l\u2019\u00c9cole nationale d\u2019administration publique, Qu\u00e9bec, Qu\u00e9bec Ann\u00e9e de r\u00e9alisation : 1999 Mat\u00e9riaux : marbre et graniteDimensions : 6&nbsp;300 x 9&nbsp;500 cm<\/p>\n","protected":false},"author":1,"featured_media":315,"parent":6,"menu_order":14,"comment_status":"closed","ping_status":"closed","template":"projets.php","meta":{"footnotes":""},"class_list":["post-317","page","type-page","status-publish","has-post-thumbnail","hentry"],"_links":{"self":[{"href":"https:\/\/gilbertpoissant.com\/fr_ca\/wp-json\/wp\/v2\/pages\/317","targetHints":{"allow":["GET"]}}],"collection":[{"href":"https:\/\/gilbertpoissant.com\/fr_ca\/wp-json\/wp\/v2\/pages"}],"about":[{"href":"https:\/\/gilbertpoissant.com\/fr_ca\/wp-json\/wp\/v2\/types\/page"}],"author":[{"embeddable":true,"href":"https:\/\/gilbertpoissant.com\/fr_ca\/wp-json\/wp\/v2\/users\/1"}],"replies":[{"embeddable":true,"href":"https:\/\/gilbertpoissant.com\/fr_ca\/wp-json\/wp\/v2\/comments?post=317"}],"version-history":[{"count":1,"href":"https:\/\/gilbertpoissant.com\/fr_ca\/wp-json\/wp\/v2\/pages\/317\/revisions"}],"predecessor-version":[{"id":318,"href":"https:\/\/gilbertpoissant.com\/fr_ca\/wp-json\/wp\/v2\/pages\/317\/revisions\/318"}],"up":[{"embeddable":true,"href":"https:\/\/gilbertpoissant.com\/fr_ca\/wp-json\/wp\/v2\/pages\/6"}],"wp:featuredmedia":[{"embeddable":true,"href":"https:\/\/gilbertpoissant.com\/fr_ca\/wp-json\/wp\/v2\/media\/315"}],"wp:attachment":[{"href":"https:\/\/gilbertpoissant.com\/fr_ca\/wp-json\/wp\/v2\/media?parent=317"}],"curies":[{"name":"wp","href":"https:\/\/api.w.org\/{rel}","templated":true}]}}