{"id":310,"date":"2021-11-18T22:39:59","date_gmt":"2021-11-18T22:39:59","guid":{"rendered":"https:\/\/gilbertpoissant.com\/?page_id=310"},"modified":"2021-11-18T22:41:38","modified_gmt":"2021-11-18T22:41:38","slug":"ceramiques","status":"publish","type":"page","link":"https:\/\/gilbertpoissant.com\/fr_ca\/accueil\/ceramiques\/","title":{"rendered":"C\u00e9ramiques"},"content":{"rendered":"\n\n\n\n<p>S\u00e9rie Kaiseki<\/p>\n\n\n\n<p>Au Japon, le terme Kaiseki signifie repas de c\u00e9r\u00e9monie. Les porcelaines de cette s\u00e9rie sont des pi\u00e8ces uniques, fa\u00e7onn\u00e9es \u00e0 la main ou thermoform\u00e9es \u00e0 partir de carreaux d&rsquo;origine industrielle.<\/p>\n","protected":false},"excerpt":{"rendered":"<p>S\u00e9rie Kaiseki Au Japon, le terme Kaiseki signifie repas de c\u00e9r\u00e9monie. Les porcelaines de cette s\u00e9rie sont des pi\u00e8ces uniques, fa\u00e7onn\u00e9es \u00e0 la main ou thermoform\u00e9es \u00e0 partir de carreaux d&rsquo;origine industrielle.<\/p>\n","protected":false},"author":1,"featured_media":302,"parent":6,"menu_order":12,"comment_status":"closed","ping_status":"closed","template":"projets.php","meta":{"footnotes":""},"class_list":["post-310","page","type-page","status-publish","has-post-thumbnail","hentry"],"_links":{"self":[{"href":"https:\/\/gilbertpoissant.com\/fr_ca\/wp-json\/wp\/v2\/pages\/310","targetHints":{"allow":["GET"]}}],"collection":[{"href":"https:\/\/gilbertpoissant.com\/fr_ca\/wp-json\/wp\/v2\/pages"}],"about":[{"href":"https:\/\/gilbertpoissant.com\/fr_ca\/wp-json\/wp\/v2\/types\/page"}],"author":[{"embeddable":true,"href":"https:\/\/gilbertpoissant.com\/fr_ca\/wp-json\/wp\/v2\/users\/1"}],"replies":[{"embeddable":true,"href":"https:\/\/gilbertpoissant.com\/fr_ca\/wp-json\/wp\/v2\/comments?post=310"}],"version-history":[{"count":1,"href":"https:\/\/gilbertpoissant.com\/fr_ca\/wp-json\/wp\/v2\/pages\/310\/revisions"}],"predecessor-version":[{"id":311,"href":"https:\/\/gilbertpoissant.com\/fr_ca\/wp-json\/wp\/v2\/pages\/310\/revisions\/311"}],"up":[{"embeddable":true,"href":"https:\/\/gilbertpoissant.com\/fr_ca\/wp-json\/wp\/v2\/pages\/6"}],"wp:featuredmedia":[{"embeddable":true,"href":"https:\/\/gilbertpoissant.com\/fr_ca\/wp-json\/wp\/v2\/media\/302"}],"wp:attachment":[{"href":"https:\/\/gilbertpoissant.com\/fr_ca\/wp-json\/wp\/v2\/media?parent=310"}],"curies":[{"name":"wp","href":"https:\/\/api.w.org\/{rel}","templated":true}]}}