{"id":275,"date":"2021-11-18T22:21:48","date_gmt":"2021-11-18T22:21:48","guid":{"rendered":"https:\/\/gilbertpoissant.com\/?page_id=275"},"modified":"2021-11-18T22:27:48","modified_gmt":"2021-11-18T22:27:48","slug":"traversee","status":"publish","type":"page","link":"https:\/\/gilbertpoissant.com\/fr_ca\/accueil\/traversee\/","title":{"rendered":"Travers\u00e9e"},"content":{"rendered":"\n\n\n\n<p>Murale pour le Parc municipal du Grand Lac Saint-Fran\u00e7ois, Lambton, Qu\u00e9bec<\/p>\n\n\n\n<p>Ann\u00e9e de r\u00e9alisation&nbsp;: 2011<\/p>\n\n\n\n<p>Mat\u00e9riaux : porcelaine et acier inoxydable<\/p>\n\n\n\n<p>Dimensions :&nbsp;290 x 150 x 8 cm<\/p>\n","protected":false},"excerpt":{"rendered":"<p>Murale pour le Parc municipal du Grand Lac Saint-Fran\u00e7ois, Lambton, Qu\u00e9bec Ann\u00e9e de r\u00e9alisation&nbsp;: 2011 Mat\u00e9riaux : porcelaine et acier inoxydable Dimensions :&nbsp;290 x 150 x 8 cm<\/p>\n","protected":false},"author":1,"featured_media":279,"parent":6,"menu_order":9,"comment_status":"closed","ping_status":"closed","template":"projets.php","meta":{"footnotes":""},"class_list":["post-275","page","type-page","status-publish","has-post-thumbnail","hentry"],"_links":{"self":[{"href":"https:\/\/gilbertpoissant.com\/fr_ca\/wp-json\/wp\/v2\/pages\/275","targetHints":{"allow":["GET"]}}],"collection":[{"href":"https:\/\/gilbertpoissant.com\/fr_ca\/wp-json\/wp\/v2\/pages"}],"about":[{"href":"https:\/\/gilbertpoissant.com\/fr_ca\/wp-json\/wp\/v2\/types\/page"}],"author":[{"embeddable":true,"href":"https:\/\/gilbertpoissant.com\/fr_ca\/wp-json\/wp\/v2\/users\/1"}],"replies":[{"embeddable":true,"href":"https:\/\/gilbertpoissant.com\/fr_ca\/wp-json\/wp\/v2\/comments?post=275"}],"version-history":[{"count":2,"href":"https:\/\/gilbertpoissant.com\/fr_ca\/wp-json\/wp\/v2\/pages\/275\/revisions"}],"predecessor-version":[{"id":280,"href":"https:\/\/gilbertpoissant.com\/fr_ca\/wp-json\/wp\/v2\/pages\/275\/revisions\/280"}],"up":[{"embeddable":true,"href":"https:\/\/gilbertpoissant.com\/fr_ca\/wp-json\/wp\/v2\/pages\/6"}],"wp:featuredmedia":[{"embeddable":true,"href":"https:\/\/gilbertpoissant.com\/fr_ca\/wp-json\/wp\/v2\/media\/279"}],"wp:attachment":[{"href":"https:\/\/gilbertpoissant.com\/fr_ca\/wp-json\/wp\/v2\/media?parent=275"}],"curies":[{"name":"wp","href":"https:\/\/api.w.org\/{rel}","templated":true}]}}