{"id":267,"date":"2021-11-18T22:18:39","date_gmt":"2021-11-18T22:18:39","guid":{"rendered":"https:\/\/gilbertpoissant.com\/?page_id=267"},"modified":"2026-01-06T19:09:29","modified_gmt":"2026-01-06T19:09:29","slug":"icare","status":"publish","type":"page","link":"https:\/\/gilbertpoissant.com\/fr_ca\/accueil\/icare\/","title":{"rendered":"Icare"},"content":{"rendered":"\n\n\n\n<p>Murale pour l\u2019\u00e9cole Eur\u00eaka, Granby, Qu\u00e9bec<\/p>\n\n\n\n<p>Ann\u00e9e de r\u00e9alisation&nbsp;: 2011<\/p>\n\n\n\n<p>Mat\u00e9riaux : porcelaine<\/p>\n\n\n\n<p>Dimensions : 300 x 500 x 8 cm<\/p>\n","protected":false},"excerpt":{"rendered":"<p>Murale pour l\u2019\u00e9cole Eur\u00eaka, Granby, Qu\u00e9bec Ann\u00e9e de r\u00e9alisation&nbsp;: 2011 Mat\u00e9riaux : porcelaine Dimensions : 300 x 500 x 8 cm<\/p>\n","protected":false},"author":1,"featured_media":274,"parent":6,"menu_order":8,"comment_status":"closed","ping_status":"closed","template":"projets.php","meta":{"footnotes":""},"class_list":["post-267","page","type-page","status-publish","has-post-thumbnail","hentry"],"_links":{"self":[{"href":"https:\/\/gilbertpoissant.com\/fr_ca\/wp-json\/wp\/v2\/pages\/267","targetHints":{"allow":["GET"]}}],"collection":[{"href":"https:\/\/gilbertpoissant.com\/fr_ca\/wp-json\/wp\/v2\/pages"}],"about":[{"href":"https:\/\/gilbertpoissant.com\/fr_ca\/wp-json\/wp\/v2\/types\/page"}],"author":[{"embeddable":true,"href":"https:\/\/gilbertpoissant.com\/fr_ca\/wp-json\/wp\/v2\/users\/1"}],"replies":[{"embeddable":true,"href":"https:\/\/gilbertpoissant.com\/fr_ca\/wp-json\/wp\/v2\/comments?post=267"}],"version-history":[{"count":3,"href":"https:\/\/gilbertpoissant.com\/fr_ca\/wp-json\/wp\/v2\/pages\/267\/revisions"}],"predecessor-version":[{"id":9503,"href":"https:\/\/gilbertpoissant.com\/fr_ca\/wp-json\/wp\/v2\/pages\/267\/revisions\/9503"}],"up":[{"embeddable":true,"href":"https:\/\/gilbertpoissant.com\/fr_ca\/wp-json\/wp\/v2\/pages\/6"}],"wp:featuredmedia":[{"embeddable":true,"href":"https:\/\/gilbertpoissant.com\/fr_ca\/wp-json\/wp\/v2\/media\/274"}],"wp:attachment":[{"href":"https:\/\/gilbertpoissant.com\/fr_ca\/wp-json\/wp\/v2\/media?parent=267"}],"curies":[{"name":"wp","href":"https:\/\/api.w.org\/{rel}","templated":true}]}}