{"id":138,"date":"2021-09-29T21:11:47","date_gmt":"2021-09-29T21:11:47","guid":{"rendered":"https:\/\/gilbertpoissant.com\/?page_id=138"},"modified":"2021-11-18T22:12:30","modified_gmt":"2021-11-18T22:12:30","slug":"objets-specifiques","status":"publish","type":"page","link":"https:\/\/gilbertpoissant.com\/fr_ca\/accueil\/objets-specifiques\/","title":{"rendered":"Objets sp\u00e9cifiques"},"content":{"rendered":"\n\n\n\n<p>Les objets sp\u00e9cifiques sont choisis parmi ceux du Jeu du collectionneur. La num\u00e9risation de chacun des 600 objets produit une \u00ab lettre \u00bb qui composera un alphabet. Ce vocabulaire graphique est utilis\u00e9 par Gilbert pour cr\u00e9er une infinit\u00e9 d\u2019autres \u0153uvres sur porcelaine ou sur papier.<\/p>\n","protected":false},"excerpt":{"rendered":"<p>Les objets sp\u00e9cifiques sont choisis parmi ceux du Jeu du collectionneur. La num\u00e9risation de chacun des 600 objets produit une \u00ab lettre \u00bb qui composera un alphabet. Ce vocabulaire graphique est utilis\u00e9 par Gilbert pour cr\u00e9er une infinit\u00e9 d\u2019autres \u0153uvres sur porcelaine ou sur papier.<\/p>\n","protected":false},"author":1,"featured_media":139,"parent":6,"menu_order":6,"comment_status":"closed","ping_status":"closed","template":"projets.php","meta":{"footnotes":""},"class_list":["post-138","page","type-page","status-publish","has-post-thumbnail","hentry"],"_links":{"self":[{"href":"https:\/\/gilbertpoissant.com\/fr_ca\/wp-json\/wp\/v2\/pages\/138","targetHints":{"allow":["GET"]}}],"collection":[{"href":"https:\/\/gilbertpoissant.com\/fr_ca\/wp-json\/wp\/v2\/pages"}],"about":[{"href":"https:\/\/gilbertpoissant.com\/fr_ca\/wp-json\/wp\/v2\/types\/page"}],"author":[{"embeddable":true,"href":"https:\/\/gilbertpoissant.com\/fr_ca\/wp-json\/wp\/v2\/users\/1"}],"replies":[{"embeddable":true,"href":"https:\/\/gilbertpoissant.com\/fr_ca\/wp-json\/wp\/v2\/comments?post=138"}],"version-history":[{"count":2,"href":"https:\/\/gilbertpoissant.com\/fr_ca\/wp-json\/wp\/v2\/pages\/138\/revisions"}],"predecessor-version":[{"id":259,"href":"https:\/\/gilbertpoissant.com\/fr_ca\/wp-json\/wp\/v2\/pages\/138\/revisions\/259"}],"up":[{"embeddable":true,"href":"https:\/\/gilbertpoissant.com\/fr_ca\/wp-json\/wp\/v2\/pages\/6"}],"wp:featuredmedia":[{"embeddable":true,"href":"https:\/\/gilbertpoissant.com\/fr_ca\/wp-json\/wp\/v2\/media\/139"}],"wp:attachment":[{"href":"https:\/\/gilbertpoissant.com\/fr_ca\/wp-json\/wp\/v2\/media?parent=138"}],"curies":[{"name":"wp","href":"https:\/\/api.w.org\/{rel}","templated":true}]}}