{"id":108,"date":"2021-09-29T20:37:19","date_gmt":"2021-09-29T20:37:19","guid":{"rendered":"https:\/\/gilbertpoissant.com\/?page_id=108"},"modified":"2021-11-18T22:04:57","modified_gmt":"2021-11-18T22:04:57","slug":"h2o","status":"publish","type":"page","link":"https:\/\/gilbertpoissant.com\/fr_ca\/accueil\/h2o\/","title":{"rendered":"H2O"},"content":{"rendered":"\n\n\n\n<p>Mosa\u00efque<\/p>\n\n\n\n<p>Lieu : Centre aquatique de Saint-Constant<\/p>\n\n\n\n<p>Ann\u00e9e de r\u00e9alisation&nbsp;: 2020<\/p>\n\n\n\n<p>Mat\u00e9riaux : porcelaine<\/p>\n\n\n\n<p>Photographies: Alain Boisvert<\/p>\n","protected":false},"excerpt":{"rendered":"<p>Mosa\u00efque Lieu : Centre aquatique de Saint-Constant Ann\u00e9e de r\u00e9alisation&nbsp;: 2020 Mat\u00e9riaux : porcelaine Photographies: Alain Boisvert<\/p>\n","protected":false},"author":1,"featured_media":112,"parent":6,"menu_order":4,"comment_status":"closed","ping_status":"closed","template":"projets.php","meta":{"footnotes":""},"class_list":["post-108","page","type-page","status-publish","has-post-thumbnail","hentry"],"_links":{"self":[{"href":"https:\/\/gilbertpoissant.com\/fr_ca\/wp-json\/wp\/v2\/pages\/108","targetHints":{"allow":["GET"]}}],"collection":[{"href":"https:\/\/gilbertpoissant.com\/fr_ca\/wp-json\/wp\/v2\/pages"}],"about":[{"href":"https:\/\/gilbertpoissant.com\/fr_ca\/wp-json\/wp\/v2\/types\/page"}],"author":[{"embeddable":true,"href":"https:\/\/gilbertpoissant.com\/fr_ca\/wp-json\/wp\/v2\/users\/1"}],"replies":[{"embeddable":true,"href":"https:\/\/gilbertpoissant.com\/fr_ca\/wp-json\/wp\/v2\/comments?post=108"}],"version-history":[{"count":3,"href":"https:\/\/gilbertpoissant.com\/fr_ca\/wp-json\/wp\/v2\/pages\/108\/revisions"}],"predecessor-version":[{"id":241,"href":"https:\/\/gilbertpoissant.com\/fr_ca\/wp-json\/wp\/v2\/pages\/108\/revisions\/241"}],"up":[{"embeddable":true,"href":"https:\/\/gilbertpoissant.com\/fr_ca\/wp-json\/wp\/v2\/pages\/6"}],"wp:featuredmedia":[{"embeddable":true,"href":"https:\/\/gilbertpoissant.com\/fr_ca\/wp-json\/wp\/v2\/media\/112"}],"wp:attachment":[{"href":"https:\/\/gilbertpoissant.com\/fr_ca\/wp-json\/wp\/v2\/media?parent=108"}],"curies":[{"name":"wp","href":"https:\/\/api.w.org\/{rel}","templated":true}]}}