{"id":97,"date":"2021-05-07T02:19:07","date_gmt":"2021-05-07T02:19:07","guid":{"rendered":"https:\/\/gilbertpoissant.com\/?page_id=97"},"modified":"2021-11-19T14:11:29","modified_gmt":"2021-11-19T14:11:29","slug":"mon-atlas","status":"publish","type":"page","link":"https:\/\/gilbertpoissant.com\/en\/accueil\/mon-atlas\/","title":{"rendered":"Mon Atlas"},"content":{"rendered":"<p><strong>Collages<\/strong><\/p>\n\n\n\n<p>I was five years old when I first climbed Mont Saint-Hilaire to Pain de Sucre. Witness to my childhood escapades, the mountain has been a refuge, but also a world to explore. As teenagers, under the influence of substances, we believed in various beliefs such as that the mountain was a landing place for aliens (Invisible fields). The series includes ten other plates.<\/p>\n\n\n\n<p>Ann\u00e9e de r\u00e9alisation&nbsp;:&nbsp;2016<\/p>\n\n\n\n<p><strong>Materials<\/strong><\/p>\n\n\n\n<p>Papier, \u00e9pingles, acrylique \/ chaque planche:&nbsp;102 x 122 x 9 cm<\/p>","protected":false},"excerpt":{"rendered":"<p>Collages J\u2019avais cinq ans lors de ma premi\u00e8re ascension du mont Saint-Hilaire jusqu\u2019au Pain de sucre. T\u00e9moin de mes escapades d\u2019enfant, la montagne a \u00e9t\u00e9 pour moi un refuge, un monde \u00e0 explorer et le lieu d\u2019histoires fantastiques. La s\u00e9rie comprend onze planches inspir\u00e9es de diverses l\u00e9gendes du mont Saint Hilaire, telles&nbsp;: lieu d\u2019atterrissage des [&hellip;]<\/p>","protected":false},"author":1,"featured_media":114,"parent":6,"menu_order":2,"comment_status":"closed","ping_status":"closed","template":"projets.php","meta":{"footnotes":""},"class_list":["post-97","page","type-page","status-publish","has-post-thumbnail","hentry"],"_links":{"self":[{"href":"https:\/\/gilbertpoissant.com\/en\/wp-json\/wp\/v2\/pages\/97","targetHints":{"allow":["GET"]}}],"collection":[{"href":"https:\/\/gilbertpoissant.com\/en\/wp-json\/wp\/v2\/pages"}],"about":[{"href":"https:\/\/gilbertpoissant.com\/en\/wp-json\/wp\/v2\/types\/page"}],"author":[{"embeddable":true,"href":"https:\/\/gilbertpoissant.com\/en\/wp-json\/wp\/v2\/users\/1"}],"replies":[{"embeddable":true,"href":"https:\/\/gilbertpoissant.com\/en\/wp-json\/wp\/v2\/comments?post=97"}],"version-history":[{"count":6,"href":"https:\/\/gilbertpoissant.com\/en\/wp-json\/wp\/v2\/pages\/97\/revisions"}],"predecessor-version":[{"id":401,"href":"https:\/\/gilbertpoissant.com\/en\/wp-json\/wp\/v2\/pages\/97\/revisions\/401"}],"up":[{"embeddable":true,"href":"https:\/\/gilbertpoissant.com\/en\/wp-json\/wp\/v2\/pages\/6"}],"wp:featuredmedia":[{"embeddable":true,"href":"https:\/\/gilbertpoissant.com\/en\/wp-json\/wp\/v2\/media\/114"}],"wp:attachment":[{"href":"https:\/\/gilbertpoissant.com\/en\/wp-json\/wp\/v2\/media?parent=97"}],"curies":[{"name":"wp","href":"https:\/\/api.w.org\/{rel}","templated":true}]}}