{"id":6,"date":"2021-05-06T02:19:16","date_gmt":"2021-05-06T02:19:16","guid":{"rendered":"https:\/\/gilbertpoissant.com\/?page_id=6"},"modified":"2025-10-20T00:46:17","modified_gmt":"2025-10-20T00:46:17","slug":"accueil","status":"publish","type":"page","link":"https:\/\/gilbertpoissant.com\/en\/","title":{"rendered":"Portfolio"},"content":{"rendered":"<h2 class=\"wp-block-heading\">Gilbert Poissant, the artist<\/h2>\n\n\n\n<p>Trained as a ceramist, Gilbert Poissant gradually expanded into other technical and aesthetic spheres. This multi-disciplinary artist has created murals, installations and sculptures, employing various materials, such as wood, paper and found objects, as well as digital processes. Renowned for his contribution to public art, Gilbert has produced more than 40 commissions of Public Art.<\/p>\n\n\n\n<h2 class=\"wp-block-heading\" id=\"une-selection-de-ses-oeuvres\">A selection of his works<\/h2>\n\n\n<div id=\"ccchildpages-1\" class=\"ccchildpages ccflex fourcol simple ccclearfix\"><div class=\"ccchildpage  ccfirst ccodd ccpage-count-1 ccpage-id-95 ccpage-mon-atlas-3d ccpage-has-parent ccpage-pid-6 ccpage-parent-accueil\"><a class=\"ccpage_linked_thumb\" href=\"https:\/\/gilbertpoissant.com\/en\/accueil\/mon-atlas-3d\/\" title=\"Mon Atlas 3D\"><img loading=\"lazy\" decoding=\"async\" width=\"300\" height=\"200\" src=\"https:\/\/gilbertpoissant.com\/wp-content\/uploads\/2021\/09\/atlas3d.jpg\" class=\"cc-child-pages-thumb wp-post-image\" alt=\"Mon Atlas 3D\" title=\"Mon Atlas 3D\" \/><\/a><\/div><div class=\"ccchildpage  cceven ccpage-count-2 ccpage-id-97 ccpage-mon-atlas ccpage-has-parent ccpage-pid-6 ccpage-parent-accueil\"><a class=\"ccpage_linked_thumb\" href=\"https:\/\/gilbertpoissant.com\/en\/accueil\/mon-atlas\/\" title=\"Mon Atlas\"><img loading=\"lazy\" decoding=\"async\" width=\"300\" height=\"200\" src=\"https:\/\/gilbertpoissant.com\/wp-content\/uploads\/2021\/09\/atlas.jpg\" class=\"cc-child-pages-thumb wp-post-image\" alt=\"Mon Atlas\" title=\"Mon Atlas\" \/><\/a><\/div><div class=\"ccchildpage  ccodd ccpage-count-3 ccpage-id-106 ccpage-lobjet-et-le-territoire ccpage-has-parent ccpage-pid-6 ccpage-parent-accueil\"><a class=\"ccpage_linked_thumb\" href=\"https:\/\/gilbertpoissant.com\/en\/accueil\/lobjet-et-le-territoire\/\" title=\"L&rsquo;objet et le territoire\"><img loading=\"lazy\" decoding=\"async\" width=\"300\" height=\"200\" src=\"https:\/\/gilbertpoissant.com\/wp-content\/uploads\/2021\/09\/L-objet-et-le-territoire.jpg\" class=\"cc-child-pages-thumb wp-post-image\" alt=\"L&rsquo;objet et le territoire\" title=\"L&rsquo;objet et le territoire\" \/><\/a><\/div><div class=\"ccchildpage  cclast cceven ccpage-count-4 ccpage-id-108 ccpage-h2o ccpage-has-parent ccpage-pid-6 ccpage-parent-accueil\"><a class=\"ccpage_linked_thumb\" href=\"https:\/\/gilbertpoissant.com\/en\/accueil\/h2o\/\" title=\"H2O\"><img loading=\"lazy\" decoding=\"async\" width=\"300\" height=\"200\" src=\"https:\/\/gilbertpoissant.com\/wp-content\/uploads\/2021\/09\/h20.jpg\" class=\"cc-child-pages-thumb wp-post-image\" alt=\"H2O\" title=\"H2O\" \/><\/a><\/div><div class=\"ccchildpage  ccfirst ccodd ccpage-count-5 ccpage-id-133 ccpage-le-jeu-du-collectionneur ccpage-has-parent ccpage-pid-6 ccpage-parent-accueil\"><a class=\"ccpage_linked_thumb\" href=\"https:\/\/gilbertpoissant.com\/en\/accueil\/le-jeu-du-collectionneur\/\" title=\"Le Jeu du collectionneur\"><img loading=\"lazy\" decoding=\"async\" width=\"300\" height=\"203\" src=\"https:\/\/gilbertpoissant.com\/wp-content\/uploads\/2021\/09\/jeu-1.jpg\" class=\"cc-child-pages-thumb wp-post-image\" alt=\"Le Jeu du collectionneur\" title=\"Le Jeu du collectionneur\" \/><\/a><\/div><div class=\"ccchildpage  cceven ccpage-count-6 ccpage-id-138 ccpage-objets-specifiques ccpage-has-parent ccpage-pid-6 ccpage-parent-accueil\"><a class=\"ccpage_linked_thumb\" href=\"https:\/\/gilbertpoissant.com\/en\/accueil\/objets-specifiques\/\" title=\"Objets sp\u00e9cifiques\"><img loading=\"lazy\" decoding=\"async\" width=\"300\" height=\"200\" src=\"https:\/\/gilbertpoissant.com\/wp-content\/uploads\/2021\/09\/objet-spec.jpg\" class=\"cc-child-pages-thumb wp-post-image\" alt=\"Objets sp\u00e9cifiques\" title=\"Objets sp\u00e9cifiques\" \/><\/a><\/div><div class=\"ccchildpage  ccodd ccpage-count-7 ccpage-id-183 ccpage-patatras-et-splash ccpage-has-parent ccpage-pid-6 ccpage-parent-accueil\"><a class=\"ccpage_linked_thumb\" href=\"https:\/\/gilbertpoissant.com\/en\/accueil\/patatras-et-splash\/\" title=\"Patatras et Splash\"><img loading=\"lazy\" decoding=\"async\" width=\"300\" height=\"203\" src=\"https:\/\/gilbertpoissant.com\/wp-content\/uploads\/2021\/11\/patatras-1.jpg\" class=\"cc-child-pages-thumb wp-post-image\" alt=\"Patatras et Splash\" title=\"Patatras et Splash\" \/><\/a><\/div><div class=\"ccchildpage  cclast cceven ccpage-count-8 ccpage-id-267 ccpage-icare ccpage-has-parent ccpage-pid-6 ccpage-parent-accueil\"><a class=\"ccpage_linked_thumb\" href=\"https:\/\/gilbertpoissant.com\/en\/accueil\/icare\/\" title=\"Icare\"><img loading=\"lazy\" decoding=\"async\" width=\"300\" height=\"200\" src=\"https:\/\/gilbertpoissant.com\/wp-content\/uploads\/2021\/11\/icare-1.jpg\" class=\"cc-child-pages-thumb wp-post-image\" alt=\"Icare\" title=\"Icare\" \/><\/a><\/div><div class=\"ccchildpage  ccfirst ccodd ccpage-count-9 ccpage-id-275 ccpage-traversee ccpage-has-parent ccpage-pid-6 ccpage-parent-accueil\"><a class=\"ccpage_linked_thumb\" href=\"https:\/\/gilbertpoissant.com\/en\/accueil\/traversee\/\" title=\"Travers\u00e9e\"><img loading=\"lazy\" decoding=\"async\" width=\"300\" height=\"200\" src=\"https:\/\/gilbertpoissant.com\/wp-content\/uploads\/slider10\/traversee-1.jpeg\" class=\"cc-child-pages-thumb wp-post-image\" alt=\"Travers\u00e9e\" title=\"Travers\u00e9e\" \/><\/a><\/div><div class=\"ccchildpage  cceven ccpage-count-10 ccpage-id-283 ccpage-correlieu ccpage-has-parent ccpage-pid-6 ccpage-parent-accueil\"><a class=\"ccpage_linked_thumb\" href=\"https:\/\/gilbertpoissant.com\/en\/accueil\/correlieu\/\" title=\"Correlieu\"><img loading=\"lazy\" decoding=\"async\" width=\"300\" height=\"200\" src=\"https:\/\/gilbertpoissant.com\/wp-content\/uploads\/slider11\/correlieu-1.jpeg\" class=\"cc-child-pages-thumb wp-post-image\" alt=\"Correlieu\" title=\"Correlieu\" \/><\/a><\/div><div class=\"ccchildpage  ccodd ccpage-count-11 ccpage-id-292 ccpage-lete ccpage-has-parent ccpage-pid-6 ccpage-parent-accueil\"><a class=\"ccpage_linked_thumb\" href=\"https:\/\/gilbertpoissant.com\/en\/accueil\/lete\/\" title=\"L&rsquo;\u00e9t\u00e9\"><img loading=\"lazy\" decoding=\"async\" width=\"300\" height=\"206\" src=\"https:\/\/gilbertpoissant.com\/wp-content\/uploads\/slider13\/ete1.jpeg\" class=\"cc-child-pages-thumb wp-post-image\" alt=\"L&rsquo;\u00e9t\u00e9\" title=\"L&rsquo;\u00e9t\u00e9\" \/><\/a><\/div><div class=\"ccchildpage  cclast cceven ccpage-count-12 ccpage-id-310 ccpage-ceramiques ccpage-has-parent ccpage-pid-6 ccpage-parent-accueil\"><a class=\"ccpage_linked_thumb\" href=\"https:\/\/gilbertpoissant.com\/en\/accueil\/ceramiques\/\" title=\"Ceramics\"><img loading=\"lazy\" decoding=\"async\" width=\"300\" height=\"200\" src=\"https:\/\/gilbertpoissant.com\/wp-content\/uploads\/slider14\/ceramiques-1.jpeg\" class=\"cc-child-pages-thumb wp-post-image\" alt=\"C\u00e9ramiques\" title=\"Ceramics\" \/><\/a><\/div><div class=\"ccchildpage  ccfirst ccodd ccpage-count-13 ccpage-id-312 ccpage-5-x-2-temps ccpage-has-parent ccpage-pid-6 ccpage-parent-accueil\"><a class=\"ccpage_linked_thumb\" href=\"https:\/\/gilbertpoissant.com\/en\/accueil\/5-x-2-temps\/\" title=\"5 x 2 Temps\"><img loading=\"lazy\" decoding=\"async\" width=\"300\" height=\"200\" src=\"https:\/\/gilbertpoissant.com\/wp-content\/uploads\/slider12\/5x2-1997-1.jpeg\" class=\"cc-child-pages-thumb wp-post-image\" alt=\"5 x 2 Temps\" title=\"5 x 2 Temps\" \/><\/a><\/div><div class=\"ccchildpage  cceven ccpage-count-14 ccpage-id-317 ccpage-passe-temps ccpage-has-parent ccpage-pid-6 ccpage-parent-accueil\"><a class=\"ccpage_linked_thumb\" href=\"https:\/\/gilbertpoissant.com\/en\/accueil\/passe-temps\/\" title=\"Passe-Temps\"><img loading=\"lazy\" decoding=\"async\" width=\"300\" height=\"200\" src=\"https:\/\/gilbertpoissant.com\/wp-content\/uploads\/slider15\/enap-1.jpeg\" class=\"cc-child-pages-thumb wp-post-image\" alt=\"Passe-Temps\" title=\"Passe-Temps\" \/><\/a><\/div><div class=\"ccchildpage  ccodd ccpage-count-15 ccpage-id-323 ccpage-passe-lunes ccpage-has-parent ccpage-pid-6 ccpage-parent-accueil\"><a class=\"ccpage_linked_thumb\" href=\"https:\/\/gilbertpoissant.com\/en\/accueil\/passe-lunes\/\" title=\"Passe-Lune\"><img loading=\"lazy\" decoding=\"async\" width=\"300\" height=\"200\" src=\"https:\/\/gilbertpoissant.com\/wp-content\/uploads\/slider16\/passe-lunes-1.jpeg\" class=\"cc-child-pages-thumb wp-post-image\" alt=\"Passe-Lune\" title=\"Passe-Lune\" \/><\/a><\/div><div class=\"ccchildpage  cclast cceven ccpage-count-16 ccpage-id-333 ccpage-passe-temps-2 ccpage-has-parent ccpage-pid-6 ccpage-parent-accueil\"><a class=\"ccpage_linked_thumb\" href=\"https:\/\/gilbertpoissant.com\/en\/accueil\/passe-temps-2\/\" title=\"Arr\u00eat sur espace\"><img loading=\"lazy\" decoding=\"async\" width=\"300\" height=\"200\" src=\"https:\/\/gilbertpoissant.com\/wp-content\/uploads\/slider17\/arret-1.jpeg\" class=\"cc-child-pages-thumb wp-post-image\" alt=\"Arr\u00eat sur espace\" title=\"Arr\u00eat sur espace\" \/><\/a><\/div><div class=\"ccchildpage  ccfirst ccodd ccpage-count-17 ccpage-id-340 ccpage-planete-jeu ccpage-has-parent ccpage-pid-6 ccpage-parent-accueil\"><a class=\"ccpage_linked_thumb\" href=\"https:\/\/gilbertpoissant.com\/en\/accueil\/planete-jeu\/\" title=\"Plan\u00e8te Jeu\"><img loading=\"lazy\" decoding=\"async\" width=\"300\" height=\"200\" src=\"https:\/\/gilbertpoissant.com\/wp-content\/uploads\/slider18\/planete-1.jpeg\" class=\"cc-child-pages-thumb wp-post-image\" alt=\"Plan\u00e8te Jeu\" title=\"Plan\u00e8te Jeu\" \/><\/a><\/div><div class=\"ccchildpage  cceven ccpage-count-18 ccpage-id-350 ccpage-architectures-intimes ccpage-has-parent ccpage-pid-6 ccpage-parent-accueil\"><a class=\"ccpage_linked_thumb\" href=\"https:\/\/gilbertpoissant.com\/en\/accueil\/architectures-intimes\/\" title=\"Architectures intimes\"><img loading=\"lazy\" decoding=\"async\" width=\"300\" height=\"200\" src=\"https:\/\/gilbertpoissant.com\/wp-content\/uploads\/slider19\/architecture-1.jpeg\" class=\"cc-child-pages-thumb wp-post-image\" alt=\"Architectures intimes\" title=\"Architectures intimes\" \/><\/a><\/div><div class=\"ccchildpage  ccodd ccpage-count-19 ccpage-id-360 ccpage-tableaux ccpage-has-parent ccpage-pid-6 ccpage-parent-accueil\"><a class=\"ccpage_linked_thumb\" href=\"https:\/\/gilbertpoissant.com\/en\/accueil\/tableaux\/\" title=\"Boards\"><img loading=\"lazy\" decoding=\"async\" width=\"300\" height=\"200\" src=\"https:\/\/gilbertpoissant.com\/wp-content\/uploads\/slider20\/tableau-noir-1.jpeg\" class=\"cc-child-pages-thumb wp-post-image\" alt=\"Tableaux\" title=\"Boards\" \/><\/a><\/div><div class=\"ccchildpage  cclast cceven ccpage-count-20 ccpage-id-368 ccpage-variations ccpage-has-parent ccpage-pid-6 ccpage-parent-accueil\"><a class=\"ccpage_linked_thumb\" href=\"https:\/\/gilbertpoissant.com\/en\/accueil\/variations\/\" title=\"Variations\"><img loading=\"lazy\" decoding=\"async\" width=\"300\" height=\"200\" src=\"https:\/\/gilbertpoissant.com\/wp-content\/uploads\/slider21\/variations-1.jpeg\" class=\"cc-child-pages-thumb wp-post-image\" alt=\"Variations\" title=\"Variations\" \/><\/a><\/div><div class=\"ccchildpage  ccfirst ccodd ccpage-count-21 ccpage-id-374 ccpage-le-passe-goutte ccpage-has-parent ccpage-pid-6 ccpage-parent-accueil\"><a class=\"ccpage_linked_thumb\" href=\"https:\/\/gilbertpoissant.com\/en\/accueil\/le-passe-goutte\/\" title=\"Le Passe-Goutte\"><img loading=\"lazy\" decoding=\"async\" width=\"300\" height=\"200\" src=\"https:\/\/gilbertpoissant.com\/wp-content\/uploads\/slider22\/passe-goutte-1.jpeg\" class=\"cc-child-pages-thumb wp-post-image\" alt=\"Le Passe-Goutte\" title=\"Le Passe-Goutte\" \/><\/a><\/div><div class=\"ccchildpage  cceven ccpage-count-22 ccpage-id-378 ccpage-la-mesure-du-temps ccpage-has-parent ccpage-pid-6 ccpage-parent-accueil\"><a class=\"ccpage_linked_thumb\" href=\"https:\/\/gilbertpoissant.com\/en\/accueil\/la-mesure-du-temps\/\" title=\"La mesure du temps\"><img loading=\"lazy\" decoding=\"async\" width=\"300\" height=\"200\" src=\"https:\/\/gilbertpoissant.com\/wp-content\/uploads\/slider23\/mesure-du-temps-1.jpeg\" class=\"cc-child-pages-thumb wp-post-image\" alt=\"La mesure du temps\" title=\"La mesure du temps\" \/><\/a><\/div><div class=\"ccchildpage  ccodd ccpage-count-23 ccpage-id-387 ccpage-archeologies-imaginaires ccpage-has-parent ccpage-pid-6 ccpage-parent-accueil\"><a class=\"ccpage_linked_thumb\" href=\"https:\/\/gilbertpoissant.com\/en\/accueil\/archeologies-imaginaires\/\" title=\"Arch\u00e9ologies imaginaires\"><img loading=\"lazy\" decoding=\"async\" width=\"300\" height=\"201\" src=\"https:\/\/gilbertpoissant.com\/wp-content\/uploads\/slider24\/archeologie-1.jpeg\" class=\"cc-child-pages-thumb wp-post-image\" alt=\"Arch\u00e9ologies imaginaires\" title=\"Arch\u00e9ologies imaginaires\" \/><\/a><\/div><div class=\"ccchildpage  cclast cceven ccpage-count-24 ccpage-id-394 ccpage-jardins-de-tesson ccpage-has-parent ccpage-pid-6 ccpage-parent-accueil\"><a class=\"ccpage_linked_thumb\" href=\"https:\/\/gilbertpoissant.com\/en\/accueil\/jardins-de-tesson\/\" title=\"Shard gardens\"><img loading=\"lazy\" decoding=\"async\" width=\"300\" height=\"200\" src=\"https:\/\/gilbertpoissant.com\/wp-content\/uploads\/slider25\/jardins-tessons-1.jpeg\" class=\"cc-child-pages-thumb wp-post-image\" alt=\"Jardins de tesson\" title=\"Shard gardens\" \/><\/a><\/div><\/div>","protected":false},"excerpt":{"rendered":"<p>Gilbert Poissant, l&rsquo;artiste C\u00e9ramiste de formation, Gilbert Poissant a transform\u00e9 sa pratique en lui int\u00e9grant d\u2019autres horizons techniques et esth\u00e9tiques. Cet artiste multidisciplinaire touche \u00e0 la fois la murale, l\u2019installation et la sculpture et utilise des mat\u00e9riaux divers tels la c\u00e9ramique, le bois, le papier et l\u2019objet trouv\u00e9 ainsi que les proc\u00e9d\u00e9s num\u00e9riques. Reconnu pour [&hellip;]<\/p>","protected":false},"author":1,"featured_media":0,"parent":0,"menu_order":1,"comment_status":"closed","ping_status":"closed","template":"index.php","meta":{"footnotes":""},"class_list":["post-6","page","type-page","status-publish","hentry"],"_links":{"self":[{"href":"https:\/\/gilbertpoissant.com\/en\/wp-json\/wp\/v2\/pages\/6","targetHints":{"allow":["GET"]}}],"collection":[{"href":"https:\/\/gilbertpoissant.com\/en\/wp-json\/wp\/v2\/pages"}],"about":[{"href":"https:\/\/gilbertpoissant.com\/en\/wp-json\/wp\/v2\/types\/page"}],"author":[{"embeddable":true,"href":"https:\/\/gilbertpoissant.com\/en\/wp-json\/wp\/v2\/users\/1"}],"replies":[{"embeddable":true,"href":"https:\/\/gilbertpoissant.com\/en\/wp-json\/wp\/v2\/comments?post=6"}],"version-history":[{"count":48,"href":"https:\/\/gilbertpoissant.com\/en\/wp-json\/wp\/v2\/pages\/6\/revisions"}],"predecessor-version":[{"id":8910,"href":"https:\/\/gilbertpoissant.com\/en\/wp-json\/wp\/v2\/pages\/6\/revisions\/8910"}],"wp:attachment":[{"href":"https:\/\/gilbertpoissant.com\/en\/wp-json\/wp\/v2\/media?parent=6"}],"curies":[{"name":"wp","href":"https:\/\/api.w.org\/{rel}","templated":true}]}}