{"id":378,"date":"2021-11-19T03:08:35","date_gmt":"2021-11-19T03:08:35","guid":{"rendered":"https:\/\/gilbertpoissant.com\/?page_id=378"},"modified":"2021-11-19T14:39:58","modified_gmt":"2021-11-19T14:39:58","slug":"la-mesure-du-temps","status":"publish","type":"page","link":"https:\/\/gilbertpoissant.com\/en\/accueil\/la-mesure-du-temps\/","title":{"rendered":"La mesure du temps"},"content":{"rendered":"<p>Diptych for Option th\u00e9\u00e2tre du C\u00e9gep de Saint-Hyacinthe, Saint-Hyacinthe, Qu\u00e9bec<\/p>\n\n\n\n<p>Year of achievement: 1994<\/p>\n\n\n\n<p>Material: Porcelain Mosaic<\/p>\n\n\n\n<p>Various dimensions<\/p>","protected":false},"excerpt":{"rendered":"<p>Diptyque pour l\u2019Option th\u00e9\u00e2tre du C\u00e9gep de Saint-Hyacinthe, Saint-Hyacinthe, Qu\u00e9bec Ann\u00e9e de r\u00e9alisation : 1994 Mat\u00e9riaux :\u00a0Mosa\u00efque de porcelaine Dimensions : vari\u00e9es<\/p>","protected":false},"author":1,"featured_media":376,"parent":6,"menu_order":22,"comment_status":"closed","ping_status":"closed","template":"projets.php","meta":{"footnotes":""},"class_list":["post-378","page","type-page","status-publish","has-post-thumbnail","hentry"],"_links":{"self":[{"href":"https:\/\/gilbertpoissant.com\/en\/wp-json\/wp\/v2\/pages\/378","targetHints":{"allow":["GET"]}}],"collection":[{"href":"https:\/\/gilbertpoissant.com\/en\/wp-json\/wp\/v2\/pages"}],"about":[{"href":"https:\/\/gilbertpoissant.com\/en\/wp-json\/wp\/v2\/types\/page"}],"author":[{"embeddable":true,"href":"https:\/\/gilbertpoissant.com\/en\/wp-json\/wp\/v2\/users\/1"}],"replies":[{"embeddable":true,"href":"https:\/\/gilbertpoissant.com\/en\/wp-json\/wp\/v2\/comments?post=378"}],"version-history":[{"count":2,"href":"https:\/\/gilbertpoissant.com\/en\/wp-json\/wp\/v2\/pages\/378\/revisions"}],"predecessor-version":[{"id":407,"href":"https:\/\/gilbertpoissant.com\/en\/wp-json\/wp\/v2\/pages\/378\/revisions\/407"}],"up":[{"embeddable":true,"href":"https:\/\/gilbertpoissant.com\/en\/wp-json\/wp\/v2\/pages\/6"}],"wp:featuredmedia":[{"embeddable":true,"href":"https:\/\/gilbertpoissant.com\/en\/wp-json\/wp\/v2\/media\/376"}],"wp:attachment":[{"href":"https:\/\/gilbertpoissant.com\/en\/wp-json\/wp\/v2\/media?parent=378"}],"curies":[{"name":"wp","href":"https:\/\/api.w.org\/{rel}","templated":true}]}}