{"id":374,"date":"2021-11-19T03:06:38","date_gmt":"2021-11-19T03:06:38","guid":{"rendered":"https:\/\/gilbertpoissant.com\/?page_id=374"},"modified":"2021-11-19T03:17:31","modified_gmt":"2021-11-19T03:17:31","slug":"le-passe-goutte","status":"publish","type":"page","link":"https:\/\/gilbertpoissant.com\/en\/accueil\/le-passe-goutte\/","title":{"rendered":"Le Passe-Goutte"},"content":{"rendered":"<p>Exterior sculpture and analemmatic sundial for \u00c9cole primaire de Saint-Zotique, Saint-Zotique, Qu\u00e9bec<\/p>\n\n\n\n<p>Year of achievement: 1997<\/p>\n\n\n\n<p>Material: White granit, black granit, Analemmatic sundial<\/p>\n\n\n\n<p>Dimensions: 400 x 400 x 50 cm<\/p>","protected":false},"excerpt":{"rendered":"<p>Sculpture ext\u00e9rieure et cadran solaire analemmatique pour l\u2019\u00c9cole primaire de Saint-Zotique, Saint-Zotique, Qu\u00e9bec Ann\u00e9e de r\u00e9alisation : 1997 Mat\u00e9riaux :&nbsp;Granite blanc, granite noir Dimensions : 400 x 400 x 50 cm<\/p>","protected":false},"author":1,"featured_media":371,"parent":6,"menu_order":21,"comment_status":"closed","ping_status":"closed","template":"projets.php","meta":{"footnotes":""},"class_list":["post-374","page","type-page","status-publish","has-post-thumbnail","hentry"],"_links":{"self":[{"href":"https:\/\/gilbertpoissant.com\/en\/wp-json\/wp\/v2\/pages\/374","targetHints":{"allow":["GET"]}}],"collection":[{"href":"https:\/\/gilbertpoissant.com\/en\/wp-json\/wp\/v2\/pages"}],"about":[{"href":"https:\/\/gilbertpoissant.com\/en\/wp-json\/wp\/v2\/types\/page"}],"author":[{"embeddable":true,"href":"https:\/\/gilbertpoissant.com\/en\/wp-json\/wp\/v2\/users\/1"}],"replies":[{"embeddable":true,"href":"https:\/\/gilbertpoissant.com\/en\/wp-json\/wp\/v2\/comments?post=374"}],"version-history":[{"count":1,"href":"https:\/\/gilbertpoissant.com\/en\/wp-json\/wp\/v2\/pages\/374\/revisions"}],"predecessor-version":[{"id":375,"href":"https:\/\/gilbertpoissant.com\/en\/wp-json\/wp\/v2\/pages\/374\/revisions\/375"}],"up":[{"embeddable":true,"href":"https:\/\/gilbertpoissant.com\/en\/wp-json\/wp\/v2\/pages\/6"}],"wp:featuredmedia":[{"embeddable":true,"href":"https:\/\/gilbertpoissant.com\/en\/wp-json\/wp\/v2\/media\/371"}],"wp:attachment":[{"href":"https:\/\/gilbertpoissant.com\/en\/wp-json\/wp\/v2\/media?parent=374"}],"curies":[{"name":"wp","href":"https:\/\/api.w.org\/{rel}","templated":true}]}}