{"id":368,"date":"2021-11-19T03:04:04","date_gmt":"2021-11-19T03:04:04","guid":{"rendered":"https:\/\/gilbertpoissant.com\/?page_id=368"},"modified":"2021-11-19T03:17:27","modified_gmt":"2021-11-19T03:17:27","slug":"variations","status":"publish","type":"page","link":"https:\/\/gilbertpoissant.com\/en\/accueil\/variations\/","title":{"rendered":"Variations"},"content":{"rendered":"<p>In 1997, Poissant began working on geometric shapes using various materials such as industrial porcelain, handmade earthenware, inkjet printing on paper. This body of work will be completed in 2016. Variations Series, inspired by Gianfredo Camesi, is made of studies on circle and square.<\/p>","protected":false},"excerpt":{"rendered":"<p>En 1997, Poissant amorce un travail sur les formes g\u00e9om\u00e9triques utilisant divers mat\u00e9riaux tels la porcelaine industrielle, la fa\u00efence fait main et l&rsquo;impression jet d&rsquo;encre sur papier. Ce corpus d\u2019\u0153uvres s&rsquo;est poursuivi jusqu&rsquo;en 2016. La s\u00e9rie Variations, \u00e0 la mani\u00e8re d\u2019un jeu de construction, se compose d\u2019\u00e9tudes sur le cercle et le carr\u00e9. Elle s\u2019inspire [&hellip;]<\/p>","protected":false},"author":1,"featured_media":363,"parent":6,"menu_order":20,"comment_status":"closed","ping_status":"closed","template":"projets.php","meta":{"footnotes":""},"class_list":["post-368","page","type-page","status-publish","has-post-thumbnail","hentry"],"_links":{"self":[{"href":"https:\/\/gilbertpoissant.com\/en\/wp-json\/wp\/v2\/pages\/368","targetHints":{"allow":["GET"]}}],"collection":[{"href":"https:\/\/gilbertpoissant.com\/en\/wp-json\/wp\/v2\/pages"}],"about":[{"href":"https:\/\/gilbertpoissant.com\/en\/wp-json\/wp\/v2\/types\/page"}],"author":[{"embeddable":true,"href":"https:\/\/gilbertpoissant.com\/en\/wp-json\/wp\/v2\/users\/1"}],"replies":[{"embeddable":true,"href":"https:\/\/gilbertpoissant.com\/en\/wp-json\/wp\/v2\/comments?post=368"}],"version-history":[{"count":1,"href":"https:\/\/gilbertpoissant.com\/en\/wp-json\/wp\/v2\/pages\/368\/revisions"}],"predecessor-version":[{"id":369,"href":"https:\/\/gilbertpoissant.com\/en\/wp-json\/wp\/v2\/pages\/368\/revisions\/369"}],"up":[{"embeddable":true,"href":"https:\/\/gilbertpoissant.com\/en\/wp-json\/wp\/v2\/pages\/6"}],"wp:featuredmedia":[{"embeddable":true,"href":"https:\/\/gilbertpoissant.com\/en\/wp-json\/wp\/v2\/media\/363"}],"wp:attachment":[{"href":"https:\/\/gilbertpoissant.com\/en\/wp-json\/wp\/v2\/media?parent=368"}],"curies":[{"name":"wp","href":"https:\/\/api.w.org\/{rel}","templated":true}]}}