{"id":340,"date":"2021-11-19T02:45:54","date_gmt":"2021-11-19T02:45:54","guid":{"rendered":"https:\/\/gilbertpoissant.com\/?page_id=340"},"modified":"2021-11-19T03:17:15","modified_gmt":"2021-11-19T03:17:15","slug":"planete-jeu","status":"publish","type":"page","link":"https:\/\/gilbertpoissant.com\/en\/accueil\/planete-jeu\/","title":{"rendered":"Plan\u00e8te Jeu"},"content":{"rendered":"<p>Polyptych for Campus r\u00e9cr\u00e9atif Germain-D\u00e9sourdy, Bromont, Qu\u00e9bec<\/p>\n\n\n\n<p>Year of achievement: 2018<\/p>\n\n\n\n<p>Dimensions: each mural: 106 x 106 x 5 cm<\/p>\n\n\n\n<p>Material : Set porcelain, stainless steel<\/p>","protected":false},"excerpt":{"rendered":"<p>Polyptyque pour le Campus r\u00e9cr\u00e9atif Germain-D\u00e9sourdy, Bromont, Qu\u00e9bec Ann\u00e9e de r\u00e9alisation : 2018 Dimensions : chaque murale: 106 x 106 x 5 cm Mat\u00e9riaux : Porcelaine et acier inoxydable<\/p>","protected":false},"author":1,"featured_media":339,"parent":6,"menu_order":17,"comment_status":"closed","ping_status":"closed","template":"projets.php","meta":{"footnotes":""},"class_list":["post-340","page","type-page","status-publish","has-post-thumbnail","hentry"],"_links":{"self":[{"href":"https:\/\/gilbertpoissant.com\/en\/wp-json\/wp\/v2\/pages\/340","targetHints":{"allow":["GET"]}}],"collection":[{"href":"https:\/\/gilbertpoissant.com\/en\/wp-json\/wp\/v2\/pages"}],"about":[{"href":"https:\/\/gilbertpoissant.com\/en\/wp-json\/wp\/v2\/types\/page"}],"author":[{"embeddable":true,"href":"https:\/\/gilbertpoissant.com\/en\/wp-json\/wp\/v2\/users\/1"}],"replies":[{"embeddable":true,"href":"https:\/\/gilbertpoissant.com\/en\/wp-json\/wp\/v2\/comments?post=340"}],"version-history":[{"count":1,"href":"https:\/\/gilbertpoissant.com\/en\/wp-json\/wp\/v2\/pages\/340\/revisions"}],"predecessor-version":[{"id":341,"href":"https:\/\/gilbertpoissant.com\/en\/wp-json\/wp\/v2\/pages\/340\/revisions\/341"}],"up":[{"embeddable":true,"href":"https:\/\/gilbertpoissant.com\/en\/wp-json\/wp\/v2\/pages\/6"}],"wp:featuredmedia":[{"embeddable":true,"href":"https:\/\/gilbertpoissant.com\/en\/wp-json\/wp\/v2\/media\/339"}],"wp:attachment":[{"href":"https:\/\/gilbertpoissant.com\/en\/wp-json\/wp\/v2\/media?parent=340"}],"curies":[{"name":"wp","href":"https:\/\/api.w.org\/{rel}","templated":true}]}}