{"id":333,"date":"2021-11-18T23:04:44","date_gmt":"2021-11-18T23:04:44","guid":{"rendered":"https:\/\/gilbertpoissant.com\/?page_id=333"},"modified":"2021-11-19T14:29:46","modified_gmt":"2021-11-19T14:29:46","slug":"passe-temps-2","status":"publish","type":"page","link":"https:\/\/gilbertpoissant.com\/en\/accueil\/passe-temps-2\/","title":{"rendered":"Arr\u00eat sur espace"},"content":{"rendered":"<p>Personal exhibition at Plein sud, centre d\u2019exposition en art actuel, Longueuil, Qu\u00e9bec<\/p>\n\n\n\n<p>Year of achievement: 2001<\/p>\n\n\n\n<p>Materlal: Wood and ceramic<\/p>\n\n\n\n<p>Various dimensions<\/p>","protected":false},"excerpt":{"rendered":"<p>Exposition personnelle \u00e0\u00a0Plein sud, centre d\u2019exposition en art actuel, Longueuil, Qu\u00e9bec Ann\u00e9e de r\u00e9alisation : 2001 Mat\u00e9riaux : bois et c\u00e9ramique Dimensions : vari\u00e9es<\/p>","protected":false},"author":1,"featured_media":330,"parent":6,"menu_order":16,"comment_status":"closed","ping_status":"closed","template":"projets.php","meta":{"footnotes":""},"class_list":["post-333","page","type-page","status-publish","has-post-thumbnail","hentry"],"_links":{"self":[{"href":"https:\/\/gilbertpoissant.com\/en\/wp-json\/wp\/v2\/pages\/333","targetHints":{"allow":["GET"]}}],"collection":[{"href":"https:\/\/gilbertpoissant.com\/en\/wp-json\/wp\/v2\/pages"}],"about":[{"href":"https:\/\/gilbertpoissant.com\/en\/wp-json\/wp\/v2\/types\/page"}],"author":[{"embeddable":true,"href":"https:\/\/gilbertpoissant.com\/en\/wp-json\/wp\/v2\/users\/1"}],"replies":[{"embeddable":true,"href":"https:\/\/gilbertpoissant.com\/en\/wp-json\/wp\/v2\/comments?post=333"}],"version-history":[{"count":3,"href":"https:\/\/gilbertpoissant.com\/en\/wp-json\/wp\/v2\/pages\/333\/revisions"}],"predecessor-version":[{"id":403,"href":"https:\/\/gilbertpoissant.com\/en\/wp-json\/wp\/v2\/pages\/333\/revisions\/403"}],"up":[{"embeddable":true,"href":"https:\/\/gilbertpoissant.com\/en\/wp-json\/wp\/v2\/pages\/6"}],"wp:featuredmedia":[{"embeddable":true,"href":"https:\/\/gilbertpoissant.com\/en\/wp-json\/wp\/v2\/media\/330"}],"wp:attachment":[{"href":"https:\/\/gilbertpoissant.com\/en\/wp-json\/wp\/v2\/media?parent=333"}],"curies":[{"name":"wp","href":"https:\/\/api.w.org\/{rel}","templated":true}]}}