{"id":312,"date":"2021-11-18T22:42:40","date_gmt":"2021-11-18T22:42:40","guid":{"rendered":"https:\/\/gilbertpoissant.com\/?page_id=312"},"modified":"2021-11-19T03:16:34","modified_gmt":"2021-11-19T03:16:34","slug":"5-x-2-temps","status":"publish","type":"page","link":"https:\/\/gilbertpoissant.com\/en\/accueil\/5-x-2-temps\/","title":{"rendered":"5 x 2 Temps"},"content":{"rendered":"<p>Personal exhibition at Expression, Centre d'exposition de Saint-Hyacinthe<\/p>\n\n\n\n<p>Year of achievement: 1997<\/p>\n\n\n\n<p>5 FOIS 2 TEMPS consists of two (2) series of five (5) murals in the colors of day and night which respond to each other by their shape and attempt, through graphic representations, to raise questions about the nature of time. Round or linear in shape, they illustrate the staircase, the drop, the tree, the moon, the ruler.<\/p>","protected":false},"excerpt":{"rendered":"<p>Exposition personnelle \u00e0 Expression, Centre d\u2019exposition, Saint-Hyacinthe, Qu\u00e9bec Ann\u00e9e de r\u00e9alisation : 1997 5 X 2 TEMPS\u00a0 consiste en deux (2) s\u00e9ries de cinq (5) murales aux couleurs du jour et de la nuit qui se r\u00e9pondent par leur forme et tentent, par des repr\u00e9sentations graphiques, de susciter une interrogation sur la nature du temps. [&hellip;]<\/p>","protected":false},"author":1,"featured_media":288,"parent":6,"menu_order":13,"comment_status":"closed","ping_status":"closed","template":"projets.php","meta":{"footnotes":""},"class_list":["post-312","page","type-page","status-publish","has-post-thumbnail","hentry"],"_links":{"self":[{"href":"https:\/\/gilbertpoissant.com\/en\/wp-json\/wp\/v2\/pages\/312","targetHints":{"allow":["GET"]}}],"collection":[{"href":"https:\/\/gilbertpoissant.com\/en\/wp-json\/wp\/v2\/pages"}],"about":[{"href":"https:\/\/gilbertpoissant.com\/en\/wp-json\/wp\/v2\/types\/page"}],"author":[{"embeddable":true,"href":"https:\/\/gilbertpoissant.com\/en\/wp-json\/wp\/v2\/users\/1"}],"replies":[{"embeddable":true,"href":"https:\/\/gilbertpoissant.com\/en\/wp-json\/wp\/v2\/comments?post=312"}],"version-history":[{"count":1,"href":"https:\/\/gilbertpoissant.com\/en\/wp-json\/wp\/v2\/pages\/312\/revisions"}],"predecessor-version":[{"id":313,"href":"https:\/\/gilbertpoissant.com\/en\/wp-json\/wp\/v2\/pages\/312\/revisions\/313"}],"up":[{"embeddable":true,"href":"https:\/\/gilbertpoissant.com\/en\/wp-json\/wp\/v2\/pages\/6"}],"wp:featuredmedia":[{"embeddable":true,"href":"https:\/\/gilbertpoissant.com\/en\/wp-json\/wp\/v2\/media\/288"}],"wp:attachment":[{"href":"https:\/\/gilbertpoissant.com\/en\/wp-json\/wp\/v2\/media?parent=312"}],"curies":[{"name":"wp","href":"https:\/\/api.w.org\/{rel}","templated":true}]}}