{"id":292,"date":"2021-11-18T22:32:10","date_gmt":"2021-11-18T22:32:10","guid":{"rendered":"https:\/\/gilbertpoissant.com\/?page_id=292"},"modified":"2022-01-22T15:13:50","modified_gmt":"2022-01-22T15:13:50","slug":"lete","status":"publish","type":"page","link":"https:\/\/gilbertpoissant.com\/en\/accueil\/lete\/","title":{"rendered":"L&rsquo;\u00e9t\u00e9"},"content":{"rendered":"<p>Otterburn Park Public pool<\/p>\n\n\n\n<p>Year of achievement: 2020<\/p>\n\n\n\n<p>Material: Porcelain and stainless steel<\/p>\n\n\n\n<p>Dimensions of medallions: 150 x 150 x 8 cm, 120 x 120 x 8 cm<\/p>","protected":false},"excerpt":{"rendered":"<p>Piscine municipale et chalet de services \u00e0 Otterburn Park, Qu\u00e9bec Ann\u00e9e de r\u00e9alisation&nbsp;: 2020 Mat\u00e9riaux : porcelaine et acier\u00a0inoxydable Dimensions des m\u00e9daillons: 150 x 150 x 8 cm, 120 x 120 x 8 cm<\/p>","protected":false},"author":1,"featured_media":296,"parent":6,"menu_order":11,"comment_status":"closed","ping_status":"closed","template":"projets.php","meta":{"footnotes":""},"class_list":["post-292","page","type-page","status-publish","has-post-thumbnail","hentry"],"_links":{"self":[{"href":"https:\/\/gilbertpoissant.com\/en\/wp-json\/wp\/v2\/pages\/292","targetHints":{"allow":["GET"]}}],"collection":[{"href":"https:\/\/gilbertpoissant.com\/en\/wp-json\/wp\/v2\/pages"}],"about":[{"href":"https:\/\/gilbertpoissant.com\/en\/wp-json\/wp\/v2\/types\/page"}],"author":[{"embeddable":true,"href":"https:\/\/gilbertpoissant.com\/en\/wp-json\/wp\/v2\/users\/1"}],"replies":[{"embeddable":true,"href":"https:\/\/gilbertpoissant.com\/en\/wp-json\/wp\/v2\/comments?post=292"}],"version-history":[{"count":3,"href":"https:\/\/gilbertpoissant.com\/en\/wp-json\/wp\/v2\/pages\/292\/revisions"}],"predecessor-version":[{"id":412,"href":"https:\/\/gilbertpoissant.com\/en\/wp-json\/wp\/v2\/pages\/292\/revisions\/412"}],"up":[{"embeddable":true,"href":"https:\/\/gilbertpoissant.com\/en\/wp-json\/wp\/v2\/pages\/6"}],"wp:featuredmedia":[{"embeddable":true,"href":"https:\/\/gilbertpoissant.com\/en\/wp-json\/wp\/v2\/media\/296"}],"wp:attachment":[{"href":"https:\/\/gilbertpoissant.com\/en\/wp-json\/wp\/v2\/media?parent=292"}],"curies":[{"name":"wp","href":"https:\/\/api.w.org\/{rel}","templated":true}]}}