{"id":283,"date":"2021-11-18T22:26:15","date_gmt":"2021-11-18T22:26:15","guid":{"rendered":"https:\/\/gilbertpoissant.com\/?page_id=283"},"modified":"2021-11-18T22:28:14","modified_gmt":"2021-11-18T22:28:14","slug":"correlieu","status":"publish","type":"page","link":"https:\/\/gilbertpoissant.com\/en\/accueil\/correlieu\/","title":{"rendered":"Correlieu"},"content":{"rendered":"<p>CLSC des Patriotes, Beloeil, Qu\u00e9bec<\/p>\n\n\n\n<p>Year of achievement: 2009<\/p>\n\n\n\n<p>Material: Digital photography, glass, anodized aluminum<\/p>\n\n\n\n<p>Dimensions:\u00a0250 x 500 x 15 cm<\/p>","protected":false},"excerpt":{"rendered":"<p>Verri\u00e8re pour le CLSC des Patriotes, Beloeil, Qu\u00e9bec Ann\u00e9e de r\u00e9alisation : 2009 Mat\u00e9riaux : photographie, verre, aluminium anodis\u00e9 Dimensions :&nbsp;250 x 500 x 15 cm<\/p>","protected":false},"author":1,"featured_media":286,"parent":6,"menu_order":10,"comment_status":"closed","ping_status":"closed","template":"projets.php","meta":{"footnotes":""},"class_list":["post-283","page","type-page","status-publish","has-post-thumbnail","hentry"],"_links":{"self":[{"href":"https:\/\/gilbertpoissant.com\/en\/wp-json\/wp\/v2\/pages\/283","targetHints":{"allow":["GET"]}}],"collection":[{"href":"https:\/\/gilbertpoissant.com\/en\/wp-json\/wp\/v2\/pages"}],"about":[{"href":"https:\/\/gilbertpoissant.com\/en\/wp-json\/wp\/v2\/types\/page"}],"author":[{"embeddable":true,"href":"https:\/\/gilbertpoissant.com\/en\/wp-json\/wp\/v2\/users\/1"}],"replies":[{"embeddable":true,"href":"https:\/\/gilbertpoissant.com\/en\/wp-json\/wp\/v2\/comments?post=283"}],"version-history":[{"count":1,"href":"https:\/\/gilbertpoissant.com\/en\/wp-json\/wp\/v2\/pages\/283\/revisions"}],"predecessor-version":[{"id":284,"href":"https:\/\/gilbertpoissant.com\/en\/wp-json\/wp\/v2\/pages\/283\/revisions\/284"}],"up":[{"embeddable":true,"href":"https:\/\/gilbertpoissant.com\/en\/wp-json\/wp\/v2\/pages\/6"}],"wp:featuredmedia":[{"embeddable":true,"href":"https:\/\/gilbertpoissant.com\/en\/wp-json\/wp\/v2\/media\/286"}],"wp:attachment":[{"href":"https:\/\/gilbertpoissant.com\/en\/wp-json\/wp\/v2\/media?parent=283"}],"curies":[{"name":"wp","href":"https:\/\/api.w.org\/{rel}","templated":true}]}}