{"id":133,"date":"2021-09-29T21:07:12","date_gmt":"2021-09-29T21:07:12","guid":{"rendered":"https:\/\/gilbertpoissant.com\/?page_id=133"},"modified":"2021-11-19T14:15:02","modified_gmt":"2021-11-19T14:15:02","slug":"le-jeu-du-collectionneur","status":"publish","type":"page","link":"https:\/\/gilbertpoissant.com\/en\/accueil\/le-jeu-du-collectionneur\/","title":{"rendered":"Le Jeu du collectionneur"},"content":{"rendered":"<p>Personal exhibition at Centre d\u2019exposition Circa, Montr\u00e9al, Qu\u00e9bec<\/p>\n\n\n\n<p>Year of achievement: 2016<\/p>\n\n\n\n<p>Material: Found objects, wood, plexiglas<\/p>\n\n\n\n<p>Commissionner: Pascale Beaudet<\/p>\n\n\n\n<p>The basis of the exhibition is a wall installation of more than 600 found objects, meticulously classified according to their dimensions that, for decades, Gilbert Poissant has amassed aimlessly. This wall sculpture presents a dichotomous aspect since the playfulness of the gathering opposes the seriousness of the classification and the assembly.<\/p>","protected":false},"excerpt":{"rendered":"<p>Exposition personnelle au Centre d\u2019exposition Circa, Montr\u00e9al, Qu\u00e9bec Ann\u00e9e de r\u00e9alisation : 2008 Mat\u00e9riaux : objets trouv\u00e9s, bois, acrylique Commissaire: Pascale Beaudet La base de l\u2019exposition est une installation murale de plus de 600 objets trouv\u00e9s, &nbsp;m\u00e9ticuleusement class\u00e9s selon leurs dimensions que, pendant des dizaines d\u2019ann\u00e9es, Gilbert Poissant a amass\u00e9s sans but pr\u00e9cis. Cette sculpture [&hellip;]<\/p>","protected":false},"author":1,"featured_media":134,"parent":6,"menu_order":5,"comment_status":"closed","ping_status":"closed","template":"projets.php","meta":{"footnotes":""},"class_list":["post-133","page","type-page","status-publish","has-post-thumbnail","hentry"],"_links":{"self":[{"href":"https:\/\/gilbertpoissant.com\/en\/wp-json\/wp\/v2\/pages\/133","targetHints":{"allow":["GET"]}}],"collection":[{"href":"https:\/\/gilbertpoissant.com\/en\/wp-json\/wp\/v2\/pages"}],"about":[{"href":"https:\/\/gilbertpoissant.com\/en\/wp-json\/wp\/v2\/types\/page"}],"author":[{"embeddable":true,"href":"https:\/\/gilbertpoissant.com\/en\/wp-json\/wp\/v2\/users\/1"}],"replies":[{"embeddable":true,"href":"https:\/\/gilbertpoissant.com\/en\/wp-json\/wp\/v2\/comments?post=133"}],"version-history":[{"count":3,"href":"https:\/\/gilbertpoissant.com\/en\/wp-json\/wp\/v2\/pages\/133\/revisions"}],"predecessor-version":[{"id":402,"href":"https:\/\/gilbertpoissant.com\/en\/wp-json\/wp\/v2\/pages\/133\/revisions\/402"}],"up":[{"embeddable":true,"href":"https:\/\/gilbertpoissant.com\/en\/wp-json\/wp\/v2\/pages\/6"}],"wp:featuredmedia":[{"embeddable":true,"href":"https:\/\/gilbertpoissant.com\/en\/wp-json\/wp\/v2\/media\/134"}],"wp:attachment":[{"href":"https:\/\/gilbertpoissant.com\/en\/wp-json\/wp\/v2\/media?parent=133"}],"curies":[{"name":"wp","href":"https:\/\/api.w.org\/{rel}","templated":true}]}}