{"id":106,"date":"2021-09-29T20:35:13","date_gmt":"2021-09-29T20:35:13","guid":{"rendered":"https:\/\/gilbertpoissant.com\/?page_id=106"},"modified":"2021-11-18T22:01:20","modified_gmt":"2021-11-18T22:01:20","slug":"lobjet-et-le-territoire","status":"publish","type":"page","link":"https:\/\/gilbertpoissant.com\/en\/accueil\/lobjet-et-le-territoire\/","title":{"rendered":"L&rsquo;objet et le territoire"},"content":{"rendered":"<p>Personal exhibition at Expression, centre d'exposition in Saint-Hyacinthe, Quebec \/ 2016 \/ Commissionner: Mona Hakim<\/p>\n\n\n\n<p>Gilbert Poissant\u2019s artistic production is imposing and polymorphic. The exhibition The object and the territory reflects the variety of modes of expression that developed around ceramics. (Mona Hakim)<\/p>\n\n\n\n<p>Year: 2016<\/p>","protected":false},"excerpt":{"rendered":"<p>Exposition personnelle \u00e0 Expression, Centre d&rsquo;exposition de Saint-Hyacinthe \/ Commissaire: Mona Hakim La production artistique de Gilbert Poissant est imposante et polymorphe. L\u2019exposition L\u2019objet et le territoire rend compte de la vari\u00e9t\u00e9 des modes d\u2019expression qui s\u2019est d\u00e9velopp\u00e9e autour de la c\u00e9ramique. (Mona Hakim) Ann\u00e9e : 2016<\/p>","protected":false},"author":1,"featured_media":113,"parent":6,"menu_order":3,"comment_status":"closed","ping_status":"closed","template":"projets.php","meta":{"footnotes":""},"class_list":["post-106","page","type-page","status-publish","has-post-thumbnail","hentry"],"_links":{"self":[{"href":"https:\/\/gilbertpoissant.com\/en\/wp-json\/wp\/v2\/pages\/106","targetHints":{"allow":["GET"]}}],"collection":[{"href":"https:\/\/gilbertpoissant.com\/en\/wp-json\/wp\/v2\/pages"}],"about":[{"href":"https:\/\/gilbertpoissant.com\/en\/wp-json\/wp\/v2\/types\/page"}],"author":[{"embeddable":true,"href":"https:\/\/gilbertpoissant.com\/en\/wp-json\/wp\/v2\/users\/1"}],"replies":[{"embeddable":true,"href":"https:\/\/gilbertpoissant.com\/en\/wp-json\/wp\/v2\/comments?post=106"}],"version-history":[{"count":2,"href":"https:\/\/gilbertpoissant.com\/en\/wp-json\/wp\/v2\/pages\/106\/revisions"}],"predecessor-version":[{"id":235,"href":"https:\/\/gilbertpoissant.com\/en\/wp-json\/wp\/v2\/pages\/106\/revisions\/235"}],"up":[{"embeddable":true,"href":"https:\/\/gilbertpoissant.com\/en\/wp-json\/wp\/v2\/pages\/6"}],"wp:featuredmedia":[{"embeddable":true,"href":"https:\/\/gilbertpoissant.com\/en\/wp-json\/wp\/v2\/media\/113"}],"wp:attachment":[{"href":"https:\/\/gilbertpoissant.com\/en\/wp-json\/wp\/v2\/media?parent=106"}],"curies":[{"name":"wp","href":"https:\/\/api.w.org\/{rel}","templated":true}]}}