{"id":48,"date":"2021-05-06T13:01:08","date_gmt":"2021-05-06T13:01:08","guid":{"rendered":"https:\/\/gilbertpoissant.com\/?page_id=48"},"modified":"2025-12-30T17:21:16","modified_gmt":"2025-12-30T17:21:16","slug":"actualites","status":"publish","type":"page","link":"http:\/\/gilbertpoissant.com\/fr_ca\/actualites\/","title":{"rendered":"Actualit\u00e9s"},"content":{"rendered":"\n<h2 class=\"wp-block-heading\" id=\"musees-des-beaux-arts\">Mus\u00e9e national des beaux-arts du Qu\u00e9bec<\/h2>\n\n\n\n<p>L\u2019\u0153uvre Objets sp\u00e9cifiques (2010) est expos\u00e9e en permanence \u00e0 la salle des Arts d\u00e9coratifs et Design.\u00a0<\/p>\n\n\n\n<figure class=\"wp-block-image size-large\"><img loading=\"lazy\" decoding=\"async\" width=\"350\" height=\"227\" src=\"https:\/\/gilbertpoissant.com\/wp-content\/uploads\/2021\/05\/MBA-2-img1.jpg\" alt=\"\" class=\"wp-image-55\"\/><figcaption class=\"wp-element-caption\">Objets sp\u00e9cifiques&nbsp;(2010), Mus\u00e9e national des beaux-arts du Qu\u00e9bec<\/figcaption><\/figure>\n\n\n\n<figure class=\"wp-block-image size-large is-resized\"><img loading=\"lazy\" decoding=\"async\" width=\"418\" height=\"687\" src=\"https:\/\/gilbertpoissant.com\/wp-content\/uploads\/2021\/05\/MBAM-im2.jpg\" alt=\"\" class=\"wp-image-56\"\/><figcaption class=\"wp-element-caption\"><em>Goutte allong\u00e9e<\/em>&nbsp;(2005), Mus\u00e9e des beaux-arts de Montr\u00e9al<\/figcaption><\/figure>\n\n\n\n<h2 class=\"wp-block-heading\" id=\"deux-piscines-ornees-par-poissant\">Deux piscines orn\u00e9es par Poissant<\/h2>\n\n\n\n<p>\u00c0 l&rsquo;\u00e9t\u00e9 2020, Gilbert a produit des \u0153uvres de porcelaine pour deux piscines publiques, \u00e0 Otterburn Park et \u00e0 Saint-Constant (voir Projets). Cette derni\u00e8re est une mosa\u00efque, un immense casse-t\u00eate compos\u00e9 de plus de 5 000 pi\u00e8ces d\u00e9coup\u00e9es dans des feuilles de porcelaine \u00e0 partir d&rsquo;une aquarelle num\u00e9ris\u00e9e.<\/p>\n\n\n\n<figure class=\"wp-block-image size-large is-resized\"><img loading=\"lazy\" decoding=\"async\" width=\"916\" height=\"687\" src=\"https:\/\/gilbertpoissant.com\/wp-content\/uploads\/2021\/05\/Installation-H2O-03-im3.jpg\" alt=\"\" class=\"wp-image-58\"\/><figcaption class=\"wp-element-caption\">Installation de la mosa\u00efque&nbsp;H2O<\/figcaption><\/figure>\n\n\n\n<figure class=\"wp-block-image size-large is-resized\"><img loading=\"lazy\" decoding=\"async\" width=\"1000\" height=\"750\" src=\"https:\/\/gilbertpoissant.com\/wp-content\/uploads\/2021\/05\/Installation-H2O-04-img4.jpg\" alt=\"\" class=\"wp-image-60\" style=\"width:350px\"\/><\/figure>\n\n\n\n<figure class=\"wp-block-image size-large is-resized\"><img loading=\"lazy\" decoding=\"async\" width=\"1280\" height=\"916\" src=\"https:\/\/gilbertpoissant.com\/wp-content\/uploads\/2021\/05\/H2O-01-img5.jpg\" alt=\"\" class=\"wp-image-61\"\/><figcaption class=\"wp-element-caption\">H2O<\/figcaption><\/figure>\n\n\n\n<figure class=\"wp-block-image size-large is-resized\"><img loading=\"lazy\" decoding=\"async\" width=\"687\" height=\"687\" src=\"https:\/\/gilbertpoissant.com\/wp-content\/uploads\/2021\/05\/Installation-Lete-web-02-img6.jpg\" alt=\"\" class=\"wp-image-62\"\/><figcaption class=\"wp-element-caption\">Installation de&nbsp;L&rsquo;\u00c9t\u00e9,&nbsp;m\u00e9daillons de porcelaine \u00e0 la piscine d&rsquo;Otterburn Park<\/figcaption><\/figure>\n","protected":false},"excerpt":{"rendered":"<p>Mus\u00e9e national des beaux-arts du Qu\u00e9bec L\u2019\u0153uvre Objets sp\u00e9cifiques (2010) est expos\u00e9e en permanence \u00e0 la salle des Arts d\u00e9coratifs et Design.\u00a0 Deux piscines orn\u00e9es par Poissant \u00c0 l&rsquo;\u00e9t\u00e9 2020, Gilbert a produit des \u0153uvres de porcelaine pour deux piscines publiques, \u00e0 Otterburn Park et \u00e0 Saint-Constant (voir Projets). Cette derni\u00e8re est une mosa\u00efque, un [&hellip;]<\/p>\n","protected":false},"author":1,"featured_media":0,"parent":0,"menu_order":3,"comment_status":"closed","ping_status":"closed","template":"page.php","meta":{"footnotes":""},"class_list":["post-48","page","type-page","status-publish","hentry"],"_links":{"self":[{"href":"http:\/\/gilbertpoissant.com\/fr_ca\/wp-json\/wp\/v2\/pages\/48","targetHints":{"allow":["GET"]}}],"collection":[{"href":"http:\/\/gilbertpoissant.com\/fr_ca\/wp-json\/wp\/v2\/pages"}],"about":[{"href":"http:\/\/gilbertpoissant.com\/fr_ca\/wp-json\/wp\/v2\/types\/page"}],"author":[{"embeddable":true,"href":"http:\/\/gilbertpoissant.com\/fr_ca\/wp-json\/wp\/v2\/users\/1"}],"replies":[{"embeddable":true,"href":"http:\/\/gilbertpoissant.com\/fr_ca\/wp-json\/wp\/v2\/comments?post=48"}],"version-history":[{"count":9,"href":"http:\/\/gilbertpoissant.com\/fr_ca\/wp-json\/wp\/v2\/pages\/48\/revisions"}],"predecessor-version":[{"id":9442,"href":"http:\/\/gilbertpoissant.com\/fr_ca\/wp-json\/wp\/v2\/pages\/48\/revisions\/9442"}],"wp:attachment":[{"href":"http:\/\/gilbertpoissant.com\/fr_ca\/wp-json\/wp\/v2\/media?parent=48"}],"curies":[{"name":"wp","href":"https:\/\/api.w.org\/{rel}","templated":true}]}}