{"id":95,"date":"2021-05-07T02:17:47","date_gmt":"2021-05-07T02:17:47","guid":{"rendered":"https:\/\/gilbertpoissant.com\/?page_id=95"},"modified":"2021-11-19T14:06:24","modified_gmt":"2021-11-19T14:06:24","slug":"mon-atlas-3d","status":"publish","type":"page","link":"http:\/\/gilbertpoissant.com\/en\/accueil\/mon-atlas-3d\/","title":{"rendered":"Mon Atlas 3D"},"content":{"rendered":"<p><strong>Installation<\/strong><\/p>\n\n\n\n<p>Years of production: 2019-2021<\/p>\n\n\n\n<p>Paper, pins<\/p>\n\n\n\n<p>Dimensions: 110 cm x 244 cm x 367 cm<\/p>\n\n\n\n<p>On the scale of a large model, I create a utopian territory in homage to the places I inhabit. This self-portrait illustrates my interest in architecture and geography as well as my attachment to the land.<\/p>\n\n\n\n<p><em>Photos: Gilbert Poissant<\/em><\/p>","protected":false},"excerpt":{"rendered":"<p>Installation Ann\u00e9es de r\u00e9alisation : 2019-2021 Mat\u00e9riaux :&nbsp;papier, \u00e9pingles Dimensions : 110 cm x 244 cm x 367 cm \u00c0 l\u2019\u00e9chelle d\u2019une grande maquette, je cr\u00e9e un territoire fantastique et utopique en hommage aux lieux que j\u2019habite. Cet autoportrait illustre mon int\u00e9r\u00eat pour l\u2019architecture et la g\u00e9ographie ainsi que l\u2019attachement au territoire, sa beaut\u00e9 et [&hellip;]<\/p>","protected":false},"author":1,"featured_media":115,"parent":6,"menu_order":1,"comment_status":"closed","ping_status":"closed","template":"projets.php","meta":{"footnotes":""},"class_list":["post-95","page","type-page","status-publish","has-post-thumbnail","hentry"],"_links":{"self":[{"href":"http:\/\/gilbertpoissant.com\/en\/wp-json\/wp\/v2\/pages\/95","targetHints":{"allow":["GET"]}}],"collection":[{"href":"http:\/\/gilbertpoissant.com\/en\/wp-json\/wp\/v2\/pages"}],"about":[{"href":"http:\/\/gilbertpoissant.com\/en\/wp-json\/wp\/v2\/types\/page"}],"author":[{"embeddable":true,"href":"http:\/\/gilbertpoissant.com\/en\/wp-json\/wp\/v2\/users\/1"}],"replies":[{"embeddable":true,"href":"http:\/\/gilbertpoissant.com\/en\/wp-json\/wp\/v2\/comments?post=95"}],"version-history":[{"count":6,"href":"http:\/\/gilbertpoissant.com\/en\/wp-json\/wp\/v2\/pages\/95\/revisions"}],"predecessor-version":[{"id":8912,"href":"http:\/\/gilbertpoissant.com\/en\/wp-json\/wp\/v2\/pages\/95\/revisions\/8912"}],"up":[{"embeddable":true,"href":"http:\/\/gilbertpoissant.com\/en\/wp-json\/wp\/v2\/pages\/6"}],"wp:featuredmedia":[{"embeddable":true,"href":"http:\/\/gilbertpoissant.com\/en\/wp-json\/wp\/v2\/media\/115"}],"wp:attachment":[{"href":"http:\/\/gilbertpoissant.com\/en\/wp-json\/wp\/v2\/media?parent=95"}],"curies":[{"name":"wp","href":"https:\/\/api.w.org\/{rel}","templated":true}]}}