{"id":323,"date":"2021-11-18T22:58:11","date_gmt":"2021-11-18T22:58:11","guid":{"rendered":"https:\/\/gilbertpoissant.com\/?page_id=323"},"modified":"2021-11-19T03:16:54","modified_gmt":"2021-11-19T03:16:54","slug":"passe-lunes","status":"publish","type":"page","link":"http:\/\/gilbertpoissant.com\/en\/accueil\/passe-lunes\/","title":{"rendered":"Passe-Lune"},"content":{"rendered":"<p>Mural for H\u00f4pital g\u00e9n\u00e9ral du Lakeshore, Pointe-Claire, Qu\u00e9bec<\/p>\n\n\n\n<p>Year of achievement: 2002<\/p>\n\n\n\n<p>Material: Earthenware, stainless steel<\/p>","protected":false},"excerpt":{"rendered":"<p>Murale pour l\u2019H\u00f4pital g\u00e9n\u00e9ral du Lakeshore, Pointe-Claire, Qu\u00e9bec Ann\u00e9e de r\u00e9alisation : 2002 Mat\u00e9riaux :&nbsp;Fa\u00efence et acier inoxydable<\/p>","protected":false},"author":1,"featured_media":320,"parent":6,"menu_order":15,"comment_status":"closed","ping_status":"closed","template":"projets.php","meta":{"footnotes":""},"class_list":["post-323","page","type-page","status-publish","has-post-thumbnail","hentry"],"_links":{"self":[{"href":"http:\/\/gilbertpoissant.com\/en\/wp-json\/wp\/v2\/pages\/323","targetHints":{"allow":["GET"]}}],"collection":[{"href":"http:\/\/gilbertpoissant.com\/en\/wp-json\/wp\/v2\/pages"}],"about":[{"href":"http:\/\/gilbertpoissant.com\/en\/wp-json\/wp\/v2\/types\/page"}],"author":[{"embeddable":true,"href":"http:\/\/gilbertpoissant.com\/en\/wp-json\/wp\/v2\/users\/1"}],"replies":[{"embeddable":true,"href":"http:\/\/gilbertpoissant.com\/en\/wp-json\/wp\/v2\/comments?post=323"}],"version-history":[{"count":2,"href":"http:\/\/gilbertpoissant.com\/en\/wp-json\/wp\/v2\/pages\/323\/revisions"}],"predecessor-version":[{"id":396,"href":"http:\/\/gilbertpoissant.com\/en\/wp-json\/wp\/v2\/pages\/323\/revisions\/396"}],"up":[{"embeddable":true,"href":"http:\/\/gilbertpoissant.com\/en\/wp-json\/wp\/v2\/pages\/6"}],"wp:featuredmedia":[{"embeddable":true,"href":"http:\/\/gilbertpoissant.com\/en\/wp-json\/wp\/v2\/media\/320"}],"wp:attachment":[{"href":"http:\/\/gilbertpoissant.com\/en\/wp-json\/wp\/v2\/media?parent=323"}],"curies":[{"name":"wp","href":"https:\/\/api.w.org\/{rel}","templated":true}]}}